{"id":30,"date":"2021-05-31T18:21:30","date_gmt":"2021-05-31T18:21:30","guid":{"rendered":"http:\/\/beta.alt3arquitectura.com\/?page_id=30"},"modified":"2022-07-27T19:02:27","modified_gmt":"2022-07-27T19:02:27","slug":"contacto","status":"publish","type":"page","link":"https:\/\/beta.alt3arquitectura.com\/index.php\/contacto\/","title":{"rendered":"Contacto"},"content":{"rendered":"<p>[et_pb_section fb_built=\u00bb1&#8243; admin_label=\u00bbHero Section\u00bb _builder_version=\u00bb4.16&#8243; custom_padding=\u00bb0|0px|0px|0px\u00bb global_colors_info=\u00bb{}\u00bb][et_pb_row column_structure=\u00bb1_2,1_2&#8243; make_equal=\u00bbon\u00bb _builder_version=\u00bb4.16&#8243; transform_scale_linked=\u00bboff\u00bb width=\u00bb100%\u00bb max_width=\u00bb100%\u00bb custom_padding=\u00bb0px|0|0px|\u00bb use_custom_width=\u00bbon\u00bb width_unit=\u00bboff\u00bb custom_width_percent=\u00bb100%\u00bb global_colors_info=\u00bb{}\u00bb][et_pb_column type=\u00bb1_2&#8243; _builder_version=\u00bb4.16&#8243; custom_padding=\u00bb200px|8%|260px|8%\u00bb custom_padding_tablet=\u00bb80px|10%|80px|10%\u00bb custom_padding_phone=\u00bb\u00bb custom_padding_last_edited=\u00bbon|tablet\u00bb global_colors_info=\u00bb{}\u00bb padding_tablet=\u00bb80px|10%|80px|10%\u00bb padding_last_edited=\u00bbon|tablet\u00bb custom_padding__hover=\u00bb|||\u00bb padding_phone=\u00bb80px|10%|80px|10%\u00bb][et_pb_text _builder_version=\u00bb4.16&#8243; text_font=\u00bb||||||||\u00bb header_font=\u00bb||||||||\u00bb header_3_font=\u00bbKarla|700||on|||||\u00bb header_3_text_color=\u00bb#c2ab92&#8243; header_3_font_size=\u00bb16px\u00bb header_3_letter_spacing=\u00bb1px\u00bb transform_translate=\u00bb0px|-121px\u00bb transform_translate_linked=\u00bboff\u00bb background_layout=\u00bbdark\u00bb max_width=\u00bb600px\u00bb module_alignment=\u00bbleft\u00bb custom_margin=\u00bb||20px|\u00bb locked=\u00bboff\u00bb global_colors_info=\u00bb{}\u00bb]<\/p>\n<h3>Contacta con nosotros<\/h3>\n<p>[\/et_pb_text][et_pb_text _builder_version=\u00bb4.16&#8243; text_font=\u00bbKarla||||||||\u00bb text_font_size=\u00bb18px\u00bb text_line_height=\u00bb1.8em\u00bb header_font=\u00bbCormorant Garamond||||||||\u00bb header_font_size=\u00bb56px\u00bb header_line_height=\u00bb1.4em\u00bb header_2_font=\u00bb||||||||\u00bb header_3_font=\u00bb||||||||\u00bb transform_scale_linked=\u00bboff\u00bb transform_translate=\u00bb0px|-107px\u00bb transform_translate_linked=\u00bboff\u00bb max_width=\u00bb600px\u00bb header_font_size_tablet=\u00bb40px\u00bb header_font_size_phone=\u00bb\u00bb header_font_size_last_edited=\u00bbon|tablet\u00bb locked=\u00bboff\u00bb global_colors_info=\u00bb{}\u00bb]<\/p>\n<h1>\u00bfAlg\u00fan proyecto en mente?<\/h1>\n<p><span style=\"font-weight: 400;\">Hacemos de tu sue\u00f1o realidad para que puedas compartir momentos inolvidables, bajando los\u00a0 aspectos t\u00e9cnicos a niveles inteligibles. <\/span><\/p>\n<p><span style=\"font-weight: 400;\">Razonamos contigo las caracter\u00edsticas importantes de tu\u00a0 proyecto y buscamos el camino m\u00e1s seguro para llevar a cabo la obra de manera personalizada y\u00a0 exclusiva.\u00a0<\/span><\/p>\n<p>[\/et_pb_text][et_pb_code _builder_version=\u00bb4.16.0&#8243; _module_preset=\u00bbdefault\u00bb global_colors_info=\u00bb{}\u00bb]<\/p>\n<div id=\"habitissimo-habitissimo_comments\"><a href=\"https:\/\/empresas.habitissimo.es\/pro\/alt3-piscinas-y-spas-sl\">Alt3 Piscinas Y Spas Sl<\/a><script src=\"https:\/\/api.habitissimo.es\/widget\/habitissimo_comments\/alt3-piscinas-y-spas-sl.js\"><\/script><\/div>\n<p>[\/et_pb_code][\/et_pb_column][et_pb_column type=\u00bb1_2&#8243; _builder_version=\u00bb4.16&#8243; background_color=\u00bb#121212&#8243; use_background_color_gradient=\u00bbon\u00bb background_color_gradient_stops=\u00bbrgba(18,18,18,0.5) 0%|#121212 100%\u00bb background_color_gradient_overlays_image=\u00bbon\u00bb background_color_gradient_start=\u00bbrgba(18,18,18,0.5)\u00bb background_color_gradient_end=\u00bb#121212&#8243; background_image=\u00bbhttp:\/\/beta.alt3arquitectura.com\/wp-content\/uploads\/2021\/05\/render_frontal.jpg\u00bb custom_padding=\u00bb200px||260px|8%\u00bb custom_padding_tablet=\u00bb80px|10%|80px|10%\u00bb custom_padding_phone=\u00bb\u00bb custom_padding_last_edited=\u00bbon|desktop\u00bb global_colors_info=\u00bb{}\u00bb padding_tablet=\u00bb80px|10%|80px|10%\u00bb padding_last_edited=\u00bbon|desktop\u00bb custom_padding__hover=\u00bb|||\u00bb padding_phone=\u00bb80px|10%|80px|10%\u00bb][et_pb_text _builder_version=\u00bb4.16.0&#8243; text_font=\u00bbKarla||||||||\u00bb text_text_color=\u00bbrgba(255,255,255,0.7)\u00bb text_font_size=\u00bb18px\u00bb text_line_height=\u00bb1.8em\u00bb header_font=\u00bb||||||||\u00bb header_2_font=\u00bb||||||||\u00bb header_2_font_size=\u00bb40px\u00bb header_2_line_height=\u00bb1.4em\u00bb header_3_font=\u00bbCormorant Garamond|600|||||||\u00bb header_3_line_height=\u00bb1.4em\u00bb background_layout=\u00bbdark\u00bb width=\u00bb61%\u00bb width_tablet=\u00bb61%\u00bb width_phone=\u00bb61%\u00bb width_last_edited=\u00bbon|desktop\u00bb max_width=\u00bb390px\u00bb max_width_tablet=\u00bb390px\u00bb max_width_phone=\u00bb390px\u00bb max_width_last_edited=\u00bbon|desktop\u00bb locked=\u00bboff\u00bb global_colors_info=\u00bb{}\u00bb]<\/p>\n<h3>Escr\u00edbenos<\/h3>\n<p>info@alt3arquitectura.com<\/p>\n<h3>Encu\u00e9ntranos<\/h3>\n<p>Barcelona<\/p>\n<h3>Llamanos<\/h3>\n<p>675 81 74 00<\/p>\n<p>[\/et_pb_text][et_pb_social_media_follow use_icon_font_size=\u00bbon\u00bb icon_font_size=\u00bb19px\u00bb _builder_version=\u00bb4.16&#8243; _module_preset=\u00bbdefault\u00bb custom_button=\u00bbon\u00bb global_colors_info=\u00bb{}\u00bb][et_pb_social_media_follow_network social_network=\u00bblinkedin\u00bb url=\u00bbhttps:\/\/www.linkedin.com\/in\/alt3-arquitectura-08b9b7216\/\u00bb _builder_version=\u00bb4.16&#8243; _module_preset=\u00bbdefault\u00bb background_color=\u00bb#007bb6&#8243; global_colors_info=\u00bb{}\u00bb follow_button=\u00bboff\u00bb url_new_window=\u00bbon\u00bb]linkedin[\/et_pb_social_media_follow_network][et_pb_social_media_follow_network social_network=\u00bbfacebook\u00bb url=\u00bbhttps:\/\/www.facebook.com\/alt3arq\/\u00bb _builder_version=\u00bb4.16&#8243; _module_preset=\u00bbdefault\u00bb background_color=\u00bb#3b5998&#8243; global_colors_info=\u00bb{}\u00bb follow_button=\u00bboff\u00bb url_new_window=\u00bbon\u00bb]facebook[\/et_pb_social_media_follow_network][et_pb_social_media_follow_network social_network=\u00bbinstagram\u00bb url=\u00bbhttps:\/\/www.instagram.com\/alt3arq\/\u00bb _builder_version=\u00bb4.16&#8243; _module_preset=\u00bbdefault\u00bb background_color=\u00bb#ea2c59&#8243; background_enable_color=\u00bbon\u00bb global_colors_info=\u00bb{}\u00bb follow_button=\u00bboff\u00bb url_new_window=\u00bbon\u00bb]instagram[\/et_pb_social_media_follow_network][et_pb_social_media_follow_network social_network=\u00bbtwitter\u00bb url=\u00bbhttps:\/\/twitter.com\/ALT3Arquitectu1?s=09&#8243; _builder_version=\u00bb4.16&#8243; _module_preset=\u00bbdefault\u00bb background_color=\u00bb#00aced\u00bb global_colors_info=\u00bb{}\u00bb follow_button=\u00bboff\u00bb url_new_window=\u00bbon\u00bb]twitter[\/et_pb_social_media_follow_network][\/et_pb_social_media_follow][et_pb_code _builder_version=\u00bb4.16.0&#8243; _module_preset=\u00bbdefault\u00bb width=\u00bb100%\u00bb width_tablet=\u00bb100%\u00bb width_phone=\u00bb100%\u00bb width_last_edited=\u00bbon|phone\u00bb max_width=\u00bb20%\u00bb max_width_tablet=\u00bb20%\u00bb max_width_phone=\u00bb20%\u00bb max_width_last_edited=\u00bbon|desktop\u00bb global_colors_info=\u00bb{}\u00bb]<\/p>\n<div id=\"habitissimo-habitissimo_profile\"><a href=\"https:\/\/empresas.habitissimo.es\/pro\/alt3-piscinas-y-spas-sl\">Alt3 Piscinas Y Spas Sl<\/a><script src=\"https:\/\/api.habitissimo.es\/widget\/habitissimo_profile\/alt3-piscinas-y-spas-sl.js\"><\/script><\/div>\n<p>[\/et_pb_code][\/et_pb_column][\/et_pb_row][\/et_pb_section][et_pb_section fb_built=\u00bb1&#8243; _builder_version=\u00bb4.16&#8243; background_color=\u00bb#121212&#8243; custom_padding=\u00bb0|0px|0px|0px||\u00bb global_colors_info=\u00bb{}\u00bb][et_pb_row _builder_version=\u00bb4.16&#8243; min_height=\u00bb491.4px\u00bb custom_margin=\u00bb|||\u00bb custom_padding=\u00bb||0px|||\u00bb animation_direction=\u00bbbottom\u00bb global_colors_info=\u00bb{}\u00bb][et_pb_column type=\u00bb4_4&#8243; _builder_version=\u00bb4.16&#8243; custom_padding=\u00bb|||\u00bb global_colors_info=\u00bb{}\u00bb custom_padding__hover=\u00bb|||\u00bb][et_pb_code _builder_version=\u00bb4.16&#8243; _module_preset=\u00bbdefault\u00bb transform_scale=\u00bb89%|89%\u00bb transform_translate=\u00bb0px|-138px\u00bb transform_translate_linked=\u00bboff\u00bb filter_hue_rotate=\u00bb66deg\u00bb filter_saturate=\u00bb0%\u00bb filter_brightness=\u00bb82%\u00bb filter_invert=\u00bb100%\u00bb global_colors_info=\u00bb{}\u00bb]<iframe src=\"https:\/\/www.google.com\/maps\/embed?pb=!1m18!1m12!1m3!1d1493.098842403008!2d1.8933871651605545!3d41.54331679541023!2m3!1f0!2f0!3f0!3m2!1i1024!2i768!4f13.1!3m3!1m2!1s0x12a48b9e87657a47%3A0xabdfae45a583f65!2sCRM%20Consultors!5e0!3m2!1ses!2ses!4v1623843399477!5m2!1ses!2ses\" width=\"1080\" height=\"600\" style=\"border:0;\" allowfullscreen=\"\" loading=\"lazy\"><\/iframe>[\/et_pb_code][et_pb_contact_form captcha=\u00bboff\u00bb email=\u00bbinfo@alt3arquitectura.com\u00bb module_id=\u00bbet_pb_contact_form_0&#8243; _builder_version=\u00bb4.17.6&#8243; _unique_id=\u00bb7a54f556-d356-44cf-bdad-ebbb9fb780dd\u00bb form_field_background_color=\u00bb#242424&#8243; form_field_text_color=\u00bbrgba(255,255,255,0.5)\u00bb form_field_font=\u00bbKarla||||||||\u00bb form_field_font_size=\u00bb16px\u00bb custom_button=\u00bbon\u00bb button_text_size=\u00bb15px\u00bb button_text_color=\u00bb#c2ab92&#8243; button_border_width=\u00bb0px\u00bb button_letter_spacing=\u00bb1px\u00bb button_font=\u00bbKarla|700||on|||||\u00bb button_icon=\u00bb&#x4b;||divi||400&#8243; button_icon_placement=\u00bbleft\u00bb button_on_hover=\u00bboff\u00bb transform_translate=\u00bb0px|-149px\u00bb transform_translate_linked=\u00bboff\u00bb custom_padding=\u00bb||0px|||\u00bb hover_enabled=\u00bb0&#8243; form_background_color=\u00bb#242424&#8243; global_colors_info=\u00bb{}\u00bb sticky_enabled=\u00bb0&#8243;][et_pb_contact_field field_id=\u00bbName\u00bb field_title=\u00bbNombre\u00bb _builder_version=\u00bb4.16&#8243; global_colors_info=\u00bb{}\u00bb button_text_size__hover_enabled=\u00bboff\u00bb button_one_text_size__hover_enabled=\u00bboff\u00bb button_two_text_size__hover_enabled=\u00bboff\u00bb button_text_color__hover_enabled=\u00bboff\u00bb button_one_text_color__hover_enabled=\u00bboff\u00bb button_two_text_color__hover_enabled=\u00bboff\u00bb button_border_width__hover_enabled=\u00bboff\u00bb button_one_border_width__hover_enabled=\u00bboff\u00bb button_two_border_width__hover_enabled=\u00bboff\u00bb button_border_color__hover_enabled=\u00bboff\u00bb button_one_border_color__hover_enabled=\u00bboff\u00bb button_two_border_color__hover_enabled=\u00bboff\u00bb button_border_radius__hover_enabled=\u00bboff\u00bb button_one_border_radius__hover_enabled=\u00bboff\u00bb button_two_border_radius__hover_enabled=\u00bboff\u00bb button_letter_spacing__hover_enabled=\u00bboff\u00bb button_one_letter_spacing__hover_enabled=\u00bboff\u00bb button_two_letter_spacing__hover_enabled=\u00bboff\u00bb button_bg_color__hover_enabled=\u00bboff\u00bb button_one_bg_color__hover_enabled=\u00bboff\u00bb button_two_bg_color__hover_enabled=\u00bboff\u00bb][\/et_pb_contact_field][et_pb_contact_field field_id=\u00bbEmail\u00bb field_title=\u00bbEmail \u00bb field_type=\u00bbemail\u00bb _builder_version=\u00bb4.16&#8243; global_colors_info=\u00bb{}\u00bb button_text_size__hover_enabled=\u00bboff\u00bb button_one_text_size__hover_enabled=\u00bboff\u00bb button_two_text_size__hover_enabled=\u00bboff\u00bb button_text_color__hover_enabled=\u00bboff\u00bb button_one_text_color__hover_enabled=\u00bboff\u00bb button_two_text_color__hover_enabled=\u00bboff\u00bb button_border_width__hover_enabled=\u00bboff\u00bb button_one_border_width__hover_enabled=\u00bboff\u00bb button_two_border_width__hover_enabled=\u00bboff\u00bb button_border_color__hover_enabled=\u00bboff\u00bb button_one_border_color__hover_enabled=\u00bboff\u00bb button_two_border_color__hover_enabled=\u00bboff\u00bb button_border_radius__hover_enabled=\u00bboff\u00bb button_one_border_radius__hover_enabled=\u00bboff\u00bb button_two_border_radius__hover_enabled=\u00bboff\u00bb button_letter_spacing__hover_enabled=\u00bboff\u00bb button_one_letter_spacing__hover_enabled=\u00bboff\u00bb button_two_letter_spacing__hover_enabled=\u00bboff\u00bb button_bg_color__hover_enabled=\u00bboff\u00bb button_one_bg_color__hover_enabled=\u00bboff\u00bb button_two_bg_color__hover_enabled=\u00bboff\u00bb][\/et_pb_contact_field][et_pb_contact_field field_id=\u00bbMessage\u00bb field_title=\u00bbEsperamos tu mensaje\u00bb field_type=\u00bbtext\u00bb fullwidth_field=\u00bbon\u00bb _builder_version=\u00bb4.16&#8243; global_colors_info=\u00bb{}\u00bb button_text_size__hover_enabled=\u00bboff\u00bb button_one_text_size__hover_enabled=\u00bboff\u00bb button_two_text_size__hover_enabled=\u00bboff\u00bb button_text_color__hover_enabled=\u00bboff\u00bb button_one_text_color__hover_enabled=\u00bboff\u00bb button_two_text_color__hover_enabled=\u00bboff\u00bb button_border_width__hover_enabled=\u00bboff\u00bb button_one_border_width__hover_enabled=\u00bboff\u00bb button_two_border_width__hover_enabled=\u00bboff\u00bb button_border_color__hover_enabled=\u00bboff\u00bb button_one_border_color__hover_enabled=\u00bboff\u00bb button_two_border_color__hover_enabled=\u00bboff\u00bb button_border_radius__hover_enabled=\u00bboff\u00bb button_one_border_radius__hover_enabled=\u00bboff\u00bb button_two_border_radius__hover_enabled=\u00bboff\u00bb button_letter_spacing__hover_enabled=\u00bboff\u00bb button_one_letter_spacing__hover_enabled=\u00bboff\u00bb button_two_letter_spacing__hover_enabled=\u00bboff\u00bb button_bg_color__hover_enabled=\u00bboff\u00bb button_one_bg_color__hover_enabled=\u00bboff\u00bb button_two_bg_color__hover_enabled=\u00bboff\u00bb][\/et_pb_contact_field][et_pb_contact_field fullwidth_field=\u00bbon\u00bb _builder_version=\u00bb4.17.6&#8243; _module_preset=\u00bbdefault\u00bb field_type=\u00bbcheckbox\u00bb checkbox_options=\u00bb%91{%22value%22:%22He le\u00eddo, entiendo su Pol\u00edtica de Protecci\u00f3n de Datos y doy mi consentimientoal tratamiento de mis datos personales.%22,%22checked%22:0,%22dragID%22:-1,%22link_url%22:%22http:\/\/beta.alt3arquitectura.com\/index.php\/proteccion-de-datos_basic\/%22,%22link_text%22:%22%22}%93&#8243; hover_enabled=\u00bb0&#8243; sticky_enabled=\u00bb0&#8243; field_id=\u00bbProtecci\u00f3n_Datos\u00bb field_title=\u00bb \u00bb link_option_url_new_window=\u00bbon\u00bb link_option_url=\u00bbhttp:\/\/beta.alt3arquitectura.com\/index.php\/proteccion-de-datos_basic\/\u00bb][\/et_pb_contact_field][et_pb_contact_field fullwidth_field=\u00bbon\u00bb _builder_version=\u00bb4.17.6&#8243; _module_preset=\u00bbdefault\u00bb field_type=\u00bbcheckbox\u00bb checkbox_options=\u00bb%91{%22value%22:%22Doy mi consentimiento al env\u00edo de publicidad%22,%22checked%22:0,%22dragID%22:-1}%93&#8243; required_mark=\u00bboff\u00bb hover_enabled=\u00bb0&#8243; sticky_enabled=\u00bb0&#8243; field_id=\u00bbField_5&#8243; field_title=\u00bb \u00ab][\/et_pb_contact_field][\/et_pb_contact_form][\/et_pb_column][\/et_pb_row][\/et_pb_section]<\/p>\n","protected":false},"excerpt":{"rendered":"<p>Contacta con nosotros\u00bfAlg\u00fan proyecto en mente? Hacemos de tu sue\u00f1o realidad para que puedas compartir momentos inolvidables, bajando los\u00a0 aspectos t\u00e9cnicos a niveles inteligibles. Razonamos contigo las caracter\u00edsticas importantes de tu\u00a0 proyecto y buscamos el camino m\u00e1s seguro para llevar a cabo la obra de manera personalizada y\u00a0 exclusiva.\u00a0Escr\u00edbenos info@alt3arquitectura.com Encu\u00e9ntranos Barcelona Llamanos 675 81 [&hellip;]<\/p>\n","protected":false},"author":1,"featured_media":0,"parent":0,"menu_order":0,"comment_status":"closed","ping_status":"closed","template":"","meta":{"_et_pb_use_builder":"on","_et_pb_old_content":"","_et_gb_content_width":""},"_links":{"self":[{"href":"https:\/\/beta.alt3arquitectura.com\/index.php\/wp-json\/wp\/v2\/pages\/30"}],"collection":[{"href":"https:\/\/beta.alt3arquitectura.com\/index.php\/wp-json\/wp\/v2\/pages"}],"about":[{"href":"https:\/\/beta.alt3arquitectura.com\/index.php\/wp-json\/wp\/v2\/types\/page"}],"author":[{"embeddable":true,"href":"https:\/\/beta.alt3arquitectura.com\/index.php\/wp-json\/wp\/v2\/users\/1"}],"replies":[{"embeddable":true,"href":"https:\/\/beta.alt3arquitectura.com\/index.php\/wp-json\/wp\/v2\/comments?post=30"}],"version-history":[{"count":41,"href":"https:\/\/beta.alt3arquitectura.com\/index.php\/wp-json\/wp\/v2\/pages\/30\/revisions"}],"predecessor-version":[{"id":223987,"href":"https:\/\/beta.alt3arquitectura.com\/index.php\/wp-json\/wp\/v2\/pages\/30\/revisions\/223987"}],"wp:attachment":[{"href":"https:\/\/beta.alt3arquitectura.com\/index.php\/wp-json\/wp\/v2\/media?parent=30"}],"curies":[{"name":"wp","href":"https:\/\/api.w.org\/{rel}","templated":true}]}}